{"id":1165,"date":"2022-03-08T14:05:04","date_gmt":"2022-03-08T14:05:04","guid":{"rendered":"https:\/\/www.pravium.com\/sobre-pravium\/"},"modified":"2022-03-09T00:53:34","modified_gmt":"2022-03-09T00:53:34","slug":"sobre-pravium","status":"publish","type":"page","link":"http:\/\/pravium.com\/ca\/sobre-pravium\/","title":{"rendered":"Sobre Pravium"},"content":{"rendered":"<div   class='avia-fullscreen-slider main_color   avia-builder-el-0  el_before_av_section  avia-builder-el-first  container_wrap sidebar_right'  >\n<style type=\"text\/css\" data-created_by=\"avia_inline_auto\" id=\"style-css-av-l002nfp9-6bdc4751226cc3072541b5c9772893d9\">\n#top .avia-slideshow .av-slideshow-caption.av-l002nfp9-6bdc4751226cc3072541b5c9772893d9__0 .avia-caption-content{\nfont-size:16px;\n}\n#top .avia-slideshow .av-slideshow-caption.av-l002nfp9-6bdc4751226cc3072541b5c9772893d9__0 .avia-caption-content p{\nfont-size:16px;\n}\n<\/style>\n<a href='#next-section' title='' class='scroll-down-link av-control-default' aria-hidden='true' data-av_icon='\ue877' data-av_iconfont='entypo-fontello'><\/a><div  class='avia-slideshow av-l002nfp9-6bdc4751226cc3072541b5c9772893d9 avia-slideshow-large av_fullscreen avia-slide-slider av-slideshow-ui av-control-default av-slideshow-manual av-loop-once av-loop-manual-endless av-slider-scroll-down-active av-default-height-applied   avia-slideshow-1' data-slideshow-options=\"{&quot;animation&quot;:&quot;slide&quot;,&quot;autoplay&quot;:false,&quot;loop_autoplay&quot;:&quot;once&quot;,&quot;interval&quot;:5,&quot;loop_manual&quot;:&quot;manual-endless&quot;,&quot;autoplay_stopper&quot;:false,&quot;noNavigation&quot;:false,&quot;bg_slider&quot;:true,&quot;keep_padding&quot;:false,&quot;hoverpause&quot;:false,&quot;show_slide_delay&quot;:0,&quot;slide_height&quot;:&quot;100&quot;,&quot;image_attachment&quot;:&quot;&quot;}\"  itemprop=\"image\" itemscope=\"itemscope\" itemtype=\"https:\/\/schema.org\/ImageObject\" ><ul class='avia-slideshow-inner ' style='padding-bottom: 66.699029126214%;'><li style='background-position:center center;' data-img-url='http:\/\/pravium.com\/wp-content\/uploads\/2022\/03\/Depositphotos_239622210_XL-1030x687.jpg' class='avia-slideshow-slide av-l002nfp9-6bdc4751226cc3072541b5c9772893d9__0  av-single-slide slide-1 slide-odd'><div data-rel='slideshow-1' class='avia-slide-wrap '   ><div class='av-slideshow-caption av-l002nfp9-6bdc4751226cc3072541b5c9772893d9__0 caption_fullwidth caption_left caption_left_framed caption_framed'><div class=\"container caption_container\"><div class=\"slideshow_caption\"><div class=\"slideshow_inner_caption\"><div class=\"slideshow_align_caption\"><h2 class='avia-caption-title '  itemprop=\"name\" >SOBRE PRAVIUM<\/h2><br\/><a href='#start'  class='avia-slideshow-button avia-button avia-color-light ' data-duration='800' data-easing='easeInOutQuad'>Descobreix-nos<\/a><\/div><\/div><\/div><\/div><\/div><div class='av-section-color-overlay' style='opacity: 0.5; background-color: #eda934; '><\/div><\/div><\/li><\/ul><\/div><\/div>\n\n<style type=\"text\/css\" data-created_by=\"avia_inline_auto\" id=\"style-css-av-l002qbur-7e6faaaf1737715908461cfc847acd01\">\n.avia-section.av-l002qbur-7e6faaaf1737715908461cfc847acd01{\nbackground-color:#b02b2c;\nbackground-image:unset;\n}\n<\/style>\n<div id='start'  class='avia-section av-l002qbur-7e6faaaf1737715908461cfc847acd01 main_color avia-section-default avia-no-border-styling  avia-builder-el-1  el_after_av_fullscreen  el_before_av_one_full  avia-bg-style-scroll container_wrap sidebar_right'  ><div class='container av-section-cont-open' ><div class='template-page content  av-content-small alpha units'><div class='post-entry post-entry-type-page post-entry-1165'><div class='entry-content-wrapper clearfix'>\n\n<style type=\"text\/css\" data-created_by=\"avia_inline_auto\" id=\"style-css-av-l002c2pu-b09770a528a3cfda05ded5109aae68a1\">\n#top .av-special-heading.av-l002c2pu-b09770a528a3cfda05ded5109aae68a1{\npadding-bottom:10px;\ncolor:#ffffff;\n}\nbody .av-special-heading.av-l002c2pu-b09770a528a3cfda05ded5109aae68a1 .av-special-heading-tag .heading-char{\nfont-size:25px;\n}\n.av-special-heading.av-l002c2pu-b09770a528a3cfda05ded5109aae68a1 .special-heading-inner-border{\nborder-color:#ffffff;\n}\n.av-special-heading.av-l002c2pu-b09770a528a3cfda05ded5109aae68a1 .av-subheading{\nfont-size:15px;\n}\n<\/style>\n<div  class='av-special-heading av-l002c2pu-b09770a528a3cfda05ded5109aae68a1 av-special-heading-h3 custom-color-heading blockquote modern-quote modern-centered  avia-builder-el-2  el_before_av_font_icon  avia-builder-el-first '><h3 class='av-special-heading-tag'  itemprop=\"headline\"  >Benvingut a Pravium, on all\u00f2 \u00abavorrit\u00bb \u00e9s bonic, agradable i aventurer.<\/h3><div class='av_custom_color av-subheading av-subheading_below'><p>Som un equip de petites empreses compromeses entre si i en la cerca constant del millor.<\/p>\n<\/div><div class=\"special-heading-border\"><div class=\"special-heading-inner-border\"><\/div><\/div><\/div>\n\n<style type=\"text\/css\" data-created_by=\"avia_inline_auto\" id=\"style-css-av-l0045vs1-8517075613e3af7371be7ad553dee767\">\n.av_font_icon.av-l0045vs1-8517075613e3af7371be7ad553dee767{\ncolor:#ffffff;\nborder-color:#ffffff;\n}\n.av_font_icon.av-l0045vs1-8517075613e3af7371be7ad553dee767 .av-icon-char{\nfont-size:40px;\nline-height:40px;\n}\n<\/style>\n<span  class='av_font_icon av-l0045vs1-8517075613e3af7371be7ad553dee767 avia_animate_when_visible av-icon-style- avia-icon-pos-center avia-icon-animate'><span class='av-icon-char' aria-hidden='true' data-av_icon='\ue833' data-av_iconfont='entypo-fontello' ><\/span><\/span>\n<\/div><\/div><\/div><!-- close content main div --><\/div><\/div><div id='after_section_1'  class='main_color av_default_container_wrap container_wrap sidebar_right'  ><div class='container av-section-cont-open' ><div class='template-page content  av-content-small alpha units'><div class='post-entry post-entry-type-page post-entry-1165'><div class='entry-content-wrapper clearfix'>\n<div  class='flex_column av-lwdmw-95c7b68306edf8f2496138e0902e0d53 av_one_full  avia-builder-el-4  el_after_av_section  el_before_av_one_half  avia-builder-el-first  first flex_column_div  '     ><style type=\"text\/css\" data-created_by=\"avia_inline_auto\" id=\"style-css-av-l002dxgs-2b8f41fd3cc6a08c8d5064182445b99c\">\n#top .av-special-heading.av-l002dxgs-2b8f41fd3cc6a08c8d5064182445b99c{\npadding-bottom:10px;\n}\nbody .av-special-heading.av-l002dxgs-2b8f41fd3cc6a08c8d5064182445b99c .av-special-heading-tag .heading-char{\nfont-size:25px;\n}\n.av-special-heading.av-l002dxgs-2b8f41fd3cc6a08c8d5064182445b99c .av-subheading{\nfont-size:15px;\n}\n<\/style>\n<div  class='av-special-heading av-l002dxgs-2b8f41fd3cc6a08c8d5064182445b99c av-special-heading-h2 blockquote modern-quote modern-centered  avia-builder-el-5  avia-builder-el-no-sibling '><h2 class='av-special-heading-tag'  itemprop=\"headline\"  >Els Nostres Principis<\/h2><div class=\"special-heading-border\"><div class=\"special-heading-inner-border\"><\/div><\/div><\/div><\/div>\n<div  class='flex_column av-n63gw-36e0f0e9a645aaf5567f4dfb5a04e539 av_one_half  avia-builder-el-6  el_after_av_one_full  el_before_av_one_half  first flex_column_div  column-top-margin'     ><div  class='avia-icon-list-container av-l002j5hc-ada3dcb94f7d56ee5f086b3a208404cf  avia-builder-el-7  avia-builder-el-no-sibling '><ul class='avia-icon-list avia_animate_when_almost_visible avia-icon-list-left av-iconlist-big av-l002j5hc-ada3dcb94f7d56ee5f086b3a208404cf avia-iconlist-animate'>\n<li><div class='iconlist_icon av-l002i1w2-1b4cbe4fdc6ff0a2e0b3d37e940d36c4 avia-font-entypo-fontello'><span class='iconlist-char' aria-hidden='true' data-av_icon='\ue8c2' data-av_iconfont='entypo-fontello'><\/span><\/div><article class=\"article-icon-entry \"  itemscope=\"itemscope\" itemtype=\"https:\/\/schema.org\/CreativeWork\" ><div class=\"iconlist_content_wrap\"><header class=\"entry-content-header\"><h4 class='av_iconlist_title iconlist_title  '  itemprop=\"headline\" >Com m\u00e9s avorrit, millor<\/h4><\/header><div class='iconlist_content '  itemprop=\"text\" ><p>Les empreses \u201cavorrides\u201d s\u00f3n madures i estables, ajuden constantment als seus clients i contribueixen a millorar el seu entorn. Tenen una hist\u00f2ria rica i acostumen a ser de propietat familiar, amb una posici\u00f3 duradora en el mercat, una base de clients estable i processos fiables.<\/p>\n<\/div><\/div><footer class=\"entry-footer\"><\/footer><\/article><div class=\"iconlist-timeline\"><\/div><\/li>\n<li><div class='iconlist_icon av-l002iebv-dfeb028a439ea16cee2cb7559c014041 avia-font-entypo-fontello'><span class='iconlist-char' aria-hidden='true' data-av_icon='\ue844' data-av_iconfont='entypo-fontello'><\/span><\/div><article class=\"article-icon-entry \"  itemscope=\"itemscope\" itemtype=\"https:\/\/schema.org\/CreativeWork\" ><div class=\"iconlist_content_wrap\"><header class=\"entry-content-header\"><h4 class='av_iconlist_title iconlist_title  '  itemprop=\"headline\" >Pensem i actuem a llarg termini<\/h4><\/header><div class='iconlist_content '  itemprop=\"text\" ><p>Fer el que \u00e9s millor per als interessos a llarg termini de l&#8217;empresa i els seus empleats, simplifica i clarifica.<\/p>\n<\/div><\/div><footer class=\"entry-footer\"><\/footer><\/article><div class=\"iconlist-timeline\"><\/div><\/li>\n<li><div class='iconlist_icon av-l002ipb9-4e6c7d598f6a077e446035d47c644d65 avia-font-entypo-fontello'><span class='iconlist-char' aria-hidden='true' data-av_icon='\ue863' data-av_iconfont='entypo-fontello'><\/span><\/div><article class=\"article-icon-entry \"  itemscope=\"itemscope\" itemtype=\"https:\/\/schema.org\/CreativeWork\" ><div class=\"iconlist_content_wrap\"><header class=\"entry-content-header\"><h4 class='av_iconlist_title iconlist_title  '  itemprop=\"headline\" >Valorem el temps de les persones<\/h4><\/header><div class='iconlist_content '  itemprop=\"text\" ><p>El nostre i el dels altres<strong>.<\/strong> Ens agraden les comunicacions transparents, poc dramatisme i res de pol\u00edtica. No ens agrada la gent que embolica les coses sistem\u00e0ticament i ens fa perdre focus.<\/p>\n<\/div><\/div><footer class=\"entry-footer\"><\/footer><\/article><div class=\"iconlist-timeline\"><\/div><\/li>\n<li><div class='iconlist_icon av-l002j3v9-0d1d22d15f5472da1c712e89715d9a31 avia-font-entypo-fontello'><span class='iconlist-char' aria-hidden='true' data-av_icon='\ue866' data-av_iconfont='entypo-fontello'><\/span><\/div><article class=\"article-icon-entry \"  itemscope=\"itemscope\" itemtype=\"https:\/\/schema.org\/CreativeWork\" ><div class=\"iconlist_content_wrap\"><header class=\"entry-content-header\"><h4 class='av_iconlist_title iconlist_title  '  itemprop=\"headline\" >Aut\u00e8ntics<\/h4><\/header><div class='iconlist_content '  itemprop=\"text\" ><p>La vida \u00e9s menys complicada quan no has de recordar qui &#8220;se suposa que ets&#8221;.<\/p>\n<\/div><\/div><footer class=\"entry-footer\"><\/footer><\/article><div class=\"iconlist-timeline\"><\/div><\/li>\n<\/ul><\/div><\/div><div  class='flex_column av-derbk-e0bd2d9b2b94fb5239cae8fd65be3a1b av_one_half  avia-builder-el-8  el_after_av_one_half  el_before_av_section  avia-builder-el-last  flex_column_div  column-top-margin'     ><div  class='avia-icon-list-container av-l002ktnd-6d94c92fb2d55117ef73ffbe09f6b9bf  avia-builder-el-9  avia-builder-el-no-sibling '><ul class='avia-icon-list avia_animate_when_almost_visible avia-icon-list-left av-iconlist-big av-l002ktnd-6d94c92fb2d55117ef73ffbe09f6b9bf avia-iconlist-animate'>\n<li><div class='iconlist_icon av-l002juw9-4959942ee7c12e13f17f9f879f461ef1 avia-font-entypo-fontello'><span class='iconlist-char' aria-hidden='true' data-av_icon='\ue896' data-av_iconfont='entypo-fontello'><\/span><\/div><article class=\"article-icon-entry \"  itemscope=\"itemscope\" itemtype=\"https:\/\/schema.org\/CreativeWork\" ><div class=\"iconlist_content_wrap\"><header class=\"entry-content-header\"><h4 class='av_iconlist_title iconlist_title  '  itemprop=\"headline\" >Accessibles<\/h4><\/header><div class='iconlist_content '  itemprop=\"text\" ><p>Estem (gaireb\u00e9) sempre disponibles per a assessorar, ajudar o consultar amb les nostres participades. Volem ajudar si podem ser \u00fatils. La nostra freq\u00fc\u00e8ncia de comunicaci\u00f3 varia des del dia a dia en temps desafiants o d&#8217;alt creixement, fins a reunions peri\u00f2diques quan les aig\u00fces estan tranquil\u00b7les.<\/p>\n<\/div><\/div><footer class=\"entry-footer\"><\/footer><\/article><div class=\"iconlist-timeline\"><\/div><\/li>\n<li><div class='iconlist_icon av-l002k52w-0b6f1ae9856076744c9b7d71a9f20e13 avia-font-entypo-fontello'><span class='iconlist-char' aria-hidden='true' data-av_icon='\ue8ac' data-av_iconfont='entypo-fontello'><\/span><\/div><article class=\"article-icon-entry \"  itemscope=\"itemscope\" itemtype=\"https:\/\/schema.org\/CreativeWork\" ><div class=\"iconlist_content_wrap\"><header class=\"entry-content-header\"><h4 class='av_iconlist_title iconlist_title  '  itemprop=\"headline\" >Raonablement moderns<\/h4><\/header><div class='iconlist_content '  itemprop=\"text\" ><p>Veiem la tecnologia com una palanca facilitadora, quan correspon. Ni li tenim por, ni ens obsessiona. Pot millorar el servei al cliente, la comunicaci\u00f3 amb els empleats i els processos comercials. Per\u00f2 tamb\u00e9 pot ser una distracci\u00f3.<\/p>\n<\/div><\/div><footer class=\"entry-footer\"><\/footer><\/article><div class=\"iconlist-timeline\"><\/div><\/li>\n<li><div class='iconlist_icon av-l002kflx-998591baa40dd75db29d48e10bb187ff avia-font-entypo-fontello'><span class='iconlist-char' aria-hidden='true' data-av_icon='\ue84e' data-av_iconfont='entypo-fontello'><\/span><\/div><article class=\"article-icon-entry \"  itemscope=\"itemscope\" itemtype=\"https:\/\/schema.org\/CreativeWork\" ><div class=\"iconlist_content_wrap\"><header class=\"entry-content-header\"><h4 class='av_iconlist_title iconlist_title  '  itemprop=\"headline\" >Simples<\/h4><\/header><div class='iconlist_content '  itemprop=\"text\" ><p>Ens agrada mantenir les coses el m\u00e9s senzilles possible, i un equip petit, per a evitar la jerarquia i la par\u00e0lisi en la presa de decisions.<\/p>\n<\/div><\/div><footer class=\"entry-footer\"><\/footer><\/article><div class=\"iconlist-timeline\"><\/div><\/li>\n<li><div class='iconlist_icon av-l002krwn-cb553ac8293061dd363555823ec4e869 avia-font-entypo-fontello'><span class='iconlist-char' aria-hidden='true' data-av_icon='\ue82b' data-av_iconfont='entypo-fontello'><\/span><\/div><article class=\"article-icon-entry \"  itemscope=\"itemscope\" itemtype=\"https:\/\/schema.org\/CreativeWork\" ><div class=\"iconlist_content_wrap\"><header class=\"entry-content-header\"><h4 class='av_iconlist_title iconlist_title  '  itemprop=\"headline\" >Confiables<\/h4><\/header><div class='iconlist_content '  itemprop=\"text\" ><p>Fem el que hem dit, en el termini que hem dit. Sense excepci\u00f3.<\/p>\n<\/div><\/div><footer class=\"entry-footer\"><\/footer><\/article><div class=\"iconlist-timeline\"><\/div><\/li>\n<\/ul><\/div><\/div><\/p>\n<\/div><\/div><\/div><!-- close content main div --><\/div><\/div>\n<style type=\"text\/css\" data-created_by=\"avia_inline_auto\" id=\"style-css-av-l002glce-29ffda8062c67f381f70cdcb115c7de7\">\n.avia-section.av-l002glce-29ffda8062c67f381f70cdcb115c7de7{\nbackground-color:rgba(0,0,0,0.08);\nbackground-image:unset;\n}\n<\/style>\n<div id='av_section_2'  class='avia-section av-l002glce-29ffda8062c67f381f70cdcb115c7de7 main_color avia-section-default avia-no-border-styling  avia-builder-el-10  el_after_av_one_half  avia-builder-el-last  avia-bg-style-scroll container_wrap sidebar_right'  ><div class='container av-section-cont-open' ><div class='template-page content  av-content-small alpha units'><div class='post-entry post-entry-type-page post-entry-1165'><div class='entry-content-wrapper clearfix'>\n\n<style type=\"text\/css\" data-created_by=\"avia_inline_auto\" id=\"style-css-av-l0048euj-904bdeb177f7aff182976d11b4fd0b54\">\n#top .av-special-heading.av-l0048euj-904bdeb177f7aff182976d11b4fd0b54{\npadding-bottom:10px;\n}\nbody .av-special-heading.av-l0048euj-904bdeb177f7aff182976d11b4fd0b54 .av-special-heading-tag .heading-char{\nfont-size:25px;\n}\n.av-special-heading.av-l0048euj-904bdeb177f7aff182976d11b4fd0b54 .av-subheading{\nfont-size:15px;\n}\n<\/style>\n<div  class='av-special-heading av-l0048euj-904bdeb177f7aff182976d11b4fd0b54 av-special-heading-h2 blockquote modern-quote modern-centered  avia-builder-el-11  el_before_av_hr  avia-builder-el-first '><h2 class='av-special-heading-tag'  itemprop=\"headline\"  >D\u2019on v\u00e9 el nostre nom?<\/h2><div class=\"special-heading-border\"><div class=\"special-heading-inner-border\"><\/div><\/div><\/div>\n<div  class='hr av-l004aabm-d0edfc97164722c3976c096732c8f18e hr-default  avia-builder-el-12  el_after_av_heading  el_before_av_one_half '><span class='hr-inner '><span class=\"hr-inner-style\"><\/span><\/span><\/div>\n<div  class='flex_column av-h57lk-f00bda6d77856a3fc05c54aa7621ae8b av_one_half  avia-builder-el-13  el_after_av_hr  el_before_av_one_half  first flex_column_div  '     ><section  class='av_textblock_section av-l004jx6h-8c3c402ee4e82ae13caa61161589a145 '   itemscope=\"itemscope\" itemtype=\"https:\/\/schema.org\/CreativeWork\" ><div class='avia_textblock'  itemprop=\"text\" ><p>Pravium es un acr\u00f2nim de paraules. El cirerer -el nom cient\u00edfic del qual es <strong><em>Pr<\/em><\/strong><em>unus <strong>avium<\/strong><\/em>&#8211; \u00e9s un arbre molt apreciat per la seva bellesa i per les propietats dels seus fruits. En algunes cultures, aquest arbre simbolitza un nou comen\u00e7ament, una evoluci\u00f3 en un cicle natural. Pravium ofereix un nou comen\u00e7ament a les empreses que adquireix, continuant el llegat existent.<\/p>\n<\/div><\/section><\/div><div  class='flex_column av-a1oiw-528a32d7d28c2dcc12e1e49ede6aeabf av_one_half  avia-builder-el-15  el_after_av_one_half  avia-builder-el-last  flex_column_div  '     ><style type=\"text\/css\" data-created_by=\"avia_inline_auto\" id=\"style-css-av-l002g666-94f86f07db2ba456909ec58044d581f9\">\n.avia-image-container.av-l002g666-94f86f07db2ba456909ec58044d581f9 img.avia_image{\nbox-shadow:none;\n}\n.avia-image-container.av-l002g666-94f86f07db2ba456909ec58044d581f9 .av-image-caption-overlay-center{\ncolor:#ffffff;\n}\n<\/style>\n<div  class='avia-image-container av-l002g666-94f86f07db2ba456909ec58044d581f9 av-styling- avia-align-center  avia-builder-el-16  avia-builder-el-no-sibling '   itemprop=\"image\" itemscope=\"itemscope\" itemtype=\"https:\/\/schema.org\/ImageObject\" ><div class=\"avia-image-container-inner\"><div class=\"avia-image-overlay-wrap\"><img decoding=\"async\" class='wp-image-578 avia-img-lazy-loading-not-578 avia_image ' src=\"http:\/\/pravium.com\/wp-content\/uploads\/2014\/11\/spring_prunus_avium-845x321.jpg\" alt='' title='spring_prunus_avium'  height=\"321\" width=\"845\"  itemprop=\"thumbnailUrl\"  \/><\/div><\/div><\/div><\/div>\n<\/div><\/div><\/div><!-- close content main div --><\/div><\/div><div id='after_section_2'  class='main_color av_default_container_wrap container_wrap sidebar_right'  ><div class='container av-section-cont-open' ><div class='template-page content  av-content-small alpha units'><div class='post-entry post-entry-type-page post-entry-1165'><div class='entry-content-wrapper clearfix'>\n","protected":false},"excerpt":{"rendered":"","protected":false},"author":1,"featured_media":0,"parent":0,"menu_order":0,"comment_status":"closed","ping_status":"closed","template":"","meta":{"footnotes":""},"_links":{"self":[{"href":"http:\/\/pravium.com\/ca\/wp-json\/wp\/v2\/pages\/1165"}],"collection":[{"href":"http:\/\/pravium.com\/ca\/wp-json\/wp\/v2\/pages"}],"about":[{"href":"http:\/\/pravium.com\/ca\/wp-json\/wp\/v2\/types\/page"}],"author":[{"embeddable":true,"href":"http:\/\/pravium.com\/ca\/wp-json\/wp\/v2\/users\/1"}],"replies":[{"embeddable":true,"href":"http:\/\/pravium.com\/ca\/wp-json\/wp\/v2\/comments?post=1165"}],"version-history":[{"count":34,"href":"http:\/\/pravium.com\/ca\/wp-json\/wp\/v2\/pages\/1165\/revisions"}],"predecessor-version":[{"id":1285,"href":"http:\/\/pravium.com\/ca\/wp-json\/wp\/v2\/pages\/1165\/revisions\/1285"}],"wp:attachment":[{"href":"http:\/\/pravium.com\/ca\/wp-json\/wp\/v2\/media?parent=1165"}],"curies":[{"name":"wp","href":"https:\/\/api.w.org\/{rel}","templated":true}]}}