{"id":1104,"date":"2022-03-08T10:40:04","date_gmt":"2022-03-08T10:40:04","guid":{"rendered":"https:\/\/www.pravium.com\/ven-la-teva-empresa\/"},"modified":"2022-03-09T01:01:24","modified_gmt":"2022-03-09T01:01:24","slug":"ven-la-teva-empresa","status":"publish","type":"page","link":"http:\/\/pravium.com\/ca\/ven-la-teva-empresa\/","title":{"rendered":"Ven la teva empresa"},"content":{"rendered":"<div   class='avia-fullscreen-slider main_color   avia-builder-el-0  el_before_av_section  avia-builder-el-first  container_wrap sidebar_right'  >\n<style type=\"text\/css\" data-created_by=\"avia_inline_auto\" id=\"style-css-av-kzzvu64x-e5e48a6d610d516f6064299a9d55f12e\">\n#top #wrap_all .avia-slideshow .av-slideshow-caption.av-kzzvu64x-e5e48a6d610d516f6064299a9d55f12e__0 .avia-caption-title{\ncolor:#ffffff;\n}\n#top .avia-slideshow .av-slideshow-caption.av-kzzvu64x-e5e48a6d610d516f6064299a9d55f12e__0 .avia-caption-content{\nfont-size:16px;\n}\n#top .avia-slideshow .av-slideshow-caption.av-kzzvu64x-e5e48a6d610d516f6064299a9d55f12e__0 .avia-caption-content p{\nfont-size:16px;\n}\n<\/style>\n<a href='#next-section' title='' class='scroll-down-link av-control-default' aria-hidden='true' data-av_icon='\ue877' data-av_iconfont='entypo-fontello'><\/a><div  class='avia-slideshow av-kzzvu64x-e5e48a6d610d516f6064299a9d55f12e avia-slideshow-large av_fullscreen avia-slide-slider av-slideshow-ui av-control-default av-slideshow-manual av-loop-once av-loop-manual-endless av-slider-scroll-down-active av-default-height-applied   avia-slideshow-1' data-slideshow-options=\"{&quot;animation&quot;:&quot;slide&quot;,&quot;autoplay&quot;:false,&quot;loop_autoplay&quot;:&quot;once&quot;,&quot;interval&quot;:5,&quot;loop_manual&quot;:&quot;manual-endless&quot;,&quot;autoplay_stopper&quot;:false,&quot;noNavigation&quot;:false,&quot;bg_slider&quot;:true,&quot;keep_padding&quot;:false,&quot;hoverpause&quot;:false,&quot;show_slide_delay&quot;:0,&quot;slide_height&quot;:&quot;100&quot;,&quot;image_attachment&quot;:&quot;&quot;}\"  itemprop=\"image\" itemscope=\"itemscope\" itemtype=\"https:\/\/schema.org\/ImageObject\" ><ul class='avia-slideshow-inner ' style='padding-bottom: 68.834951456311%;'><li style='background-position:center center;' data-img-url='http:\/\/pravium.com\/wp-content\/uploads\/2022\/03\/Depositphotos_210693452_XL-1030x709.jpg' class='avia-slideshow-slide av-kzzvu64x-e5e48a6d610d516f6064299a9d55f12e__0  av-single-slide slide-1 slide-odd'><div data-rel='slideshow-1' class='avia-slide-wrap '   ><div class='av-slideshow-caption av-kzzvu64x-e5e48a6d610d516f6064299a9d55f12e__0 caption_fullwidth caption_right caption_right_framed caption_framed'><div class=\"container caption_container\"><div class=\"slideshow_caption\"><div class=\"slideshow_inner_caption\"><div class=\"slideshow_align_caption\"><h2 class='avia-caption-title '  itemprop=\"name\" >VEN LA TEVA EMPRESA<\/h2><br\/><a href='#start'  class='avia-slideshow-button avia-button avia-color-light ' data-duration='800' data-easing='easeInOutQuad'>El nostre proc\u00e9s<\/a><\/div><\/div><\/div><\/div><\/div><div class='av-section-color-overlay' style='opacity: 0.5; background-color: #eda934; '><\/div><\/div><\/li><\/ul><\/div><\/div>\n\n<style type=\"text\/css\" data-created_by=\"avia_inline_auto\" id=\"style-css-av-kzzvw6ot-27e7127f367c1f04252aa3083f6a4f16\">\n.avia-section.av-kzzvw6ot-27e7127f367c1f04252aa3083f6a4f16{\nbackground-color:#b02b2c;\nbackground-image:unset;\n}\n<\/style>\n<div id='start'  class='avia-section av-kzzvw6ot-27e7127f367c1f04252aa3083f6a4f16 main_color avia-section-default avia-no-border-styling  avia-builder-el-1  el_after_av_fullscreen  el_before_av_one_full  avia-bg-style-scroll container_wrap sidebar_right'  ><div class='container av-section-cont-open' ><div class='template-page content  av-content-small alpha units'><div class='post-entry post-entry-type-page post-entry-1104'><div class='entry-content-wrapper clearfix'>\n\n<style type=\"text\/css\" data-created_by=\"avia_inline_auto\" id=\"style-css-av-kzzfkop2-abe4c54287e605cfb2def1f4580e484f\">\n#top .av_textblock_section.av-kzzfkop2-abe4c54287e605cfb2def1f4580e484f .avia_textblock{\ncolor:#ffffff;\ntext-align:center;\n}\n<\/style>\n<section  class='av_textblock_section av-kzzfkop2-abe4c54287e605cfb2def1f4580e484f '   itemscope=\"itemscope\" itemtype=\"https:\/\/schema.org\/CreativeWork\" ><div class='avia_textblock av_inherit_color'  itemprop=\"text\" ><h4>Vendre la teva empresa no \u00e9s f\u00e0cil. Tens preguntes que necessiten respostes i desitges preservar el teu llegat a la vegada que obtens una tranquil\u00b7litat econ\u00f2mica.<\/h4>\n<h4>Aquest \u00e9s un viatge que no has de fer sol. Fins i tot si encara est\u00e0s comen\u00e7ant a considerar les diverses alternatives, considera&#8217;ns una opci\u00f3 a la que rec\u00f3rrer.<\/h4>\n<\/div><\/section>\n<\/div><\/div><\/div><!-- close content main div --><\/div><\/div><div id='after_section_1'  class='main_color av_default_container_wrap container_wrap sidebar_right'  ><div class='container av-section-cont-open' ><div class='template-page content  av-content-small alpha units'><div class='post-entry post-entry-type-page post-entry-1104'><div class='entry-content-wrapper clearfix'>\n<div  class='flex_column av-1j9t6d-072a82f273abfca058daeda3ff651b01 av_one_full  avia-builder-el-3  el_after_av_section  el_before_av_one_half  avia-builder-el-first  first flex_column_div  '     ><style type=\"text\/css\" data-created_by=\"avia_inline_auto\" id=\"style-css-av-l000cc87-ec5276ef0b898053aceb4e704069222a\">\n#top .av-special-heading.av-l000cc87-ec5276ef0b898053aceb4e704069222a{\npadding-bottom:10px;\n}\nbody .av-special-heading.av-l000cc87-ec5276ef0b898053aceb4e704069222a .av-special-heading-tag .heading-char{\nfont-size:25px;\n}\n.av-special-heading.av-l000cc87-ec5276ef0b898053aceb4e704069222a .av-subheading{\nfont-size:15px;\n}\n<\/style>\n<div  class='av-special-heading av-l000cc87-ec5276ef0b898053aceb4e704069222a av-special-heading-h2 blockquote modern-quote modern-centered  avia-builder-el-4  avia-builder-el-no-sibling '><h2 class='av-special-heading-tag'  itemprop=\"headline\"  >Per qu\u00e8 Pravium<\/h2><div class=\"special-heading-border\"><div class=\"special-heading-inner-border\"><\/div><\/div><\/div><\/div>\n<div  class='flex_column av-eonbp-04a10e5d643a017b75ac97019d2f9290 av_one_half  avia-builder-el-5  el_after_av_one_full  el_before_av_one_half  first flex_column_div  column-top-margin'     ><article  class='iconbox iconbox_left_content av-kzzzqaht-c84b061d2c84ebd3f4a24bca2d1771c0  avia-builder-el-6  avia-builder-el-no-sibling '  itemscope=\"itemscope\" itemtype=\"https:\/\/schema.org\/CreativeWork\" ><div class=\"iconbox_icon heading-color\" aria-hidden='true' data-av_icon='\ue8b7' data-av_iconfont='entypo-fontello'><\/div><div class=\"iconbox_content\"><header class=\"entry-content-header\"><h3 class='iconbox_content_title '  itemprop=\"headline\" >El nostre enfoc principal \u00e9s construir relacions basades en la confian\u00e7a, la integritat i el respecte.<\/h3><\/header><div class='iconbox_content_container '  itemprop=\"text\" ><p>Creiem en la transpar\u00e8ncia total i la comunicaci\u00f3 oberta i directa de principi a fi. Busquem comprendre i apreciar el punt de vista del venedor i ens esforcem per a estructurar transaccions que trobin punts en com\u00fa.<\/p>\n<\/div><\/div><footer class=\"entry-footer\"><\/footer><\/article><\/div>\n<div  class='flex_column av-2o51-caa037a8b7aba406984f80e2bd322aaf av_one_half  avia-builder-el-7  el_after_av_one_half  el_before_av_one_half  flex_column_div  column-top-margin'     ><article  class='iconbox iconbox_left_content av-kzzzs2jz-4e9df00f20ddeff0f07a66f6d518a2d0  avia-builder-el-8  avia-builder-el-no-sibling '  itemscope=\"itemscope\" itemtype=\"https:\/\/schema.org\/CreativeWork\" ><div class=\"iconbox_icon heading-color\" aria-hidden='true' data-av_icon='\ue8c7' data-av_iconfont='entypo-fontello'><\/div><div class=\"iconbox_content\"><header class=\"entry-content-header\"><h3 class='iconbox_content_title '  itemprop=\"headline\" >No tenim un model com el del capital risc.<\/h3><\/header><div class='iconbox_content_container '  itemprop=\"text\" ><p>No busquem empreses per a fer-les cr\u00e9ixer r\u00e0pid, i vendre-les per a obtenir beneficis en el curt termini. Volem tenir la propietat de les nostres empreses durant molts anys.<\/p>\n<\/div><\/div><footer class=\"entry-footer\"><\/footer><\/article><\/div>\n<div  class='flex_column av-531yt-01804f7222964f0c997b2f5b6de603df av_one_half  avia-builder-el-9  el_after_av_one_half  el_before_av_one_half  first flex_column_div  column-top-margin'     ><article  class='iconbox iconbox_left_content av-kzzzt9zs-f97a273e410face40ed8793e85c75162  avia-builder-el-10  avia-builder-el-no-sibling '  itemscope=\"itemscope\" itemtype=\"https:\/\/schema.org\/CreativeWork\" ><div class=\"iconbox_icon heading-color\" aria-hidden='true' data-av_icon='\ue863' data-av_iconfont='entypo-fontello'><\/div><div class=\"iconbox_content\"><header class=\"entry-content-header\"><h3 class='iconbox_content_title '  itemprop=\"headline\" >No tenim pressa, juguem a llarg termini.<\/h3><\/header><div class='iconbox_content_container '  itemprop=\"text\" ><p>Estem compromesos a invertir en empreses que creiem que resistiran el pas del temps. Qu\u00e8 significa aix\u00f2? En poques paraules, comprem empreses amb la intenci\u00f3 de mantenir-les indefinidament. Pensem en d\u00e8cades, no en anys. Aix\u00f2 tamb\u00e9 significa que no estem sota pressi\u00f3 per completar transaccions en un cronograma espec\u00edfic. Quan estiguis llest, nosaltres tamb\u00e9n ho estarem.<\/p>\n<\/div><\/div><footer class=\"entry-footer\"><\/footer><\/article><\/div>\n<div  class='flex_column av-4gzzh-abc6d12c7530d6658f63f4501134283b av_one_half  avia-builder-el-11  el_after_av_one_half  el_before_av_one_half  flex_column_div  column-top-margin'     ><article  class='iconbox iconbox_left_content av-kzzztk3n-06df30d3e1973dedea67d8cddfe57b6e  avia-builder-el-12  avia-builder-el-no-sibling '  itemscope=\"itemscope\" itemtype=\"https:\/\/schema.org\/CreativeWork\" ><div class=\"iconbox_icon heading-color\" aria-hidden='true' data-av_icon='\ue83c' data-av_iconfont='entypo-fontello'><\/div><div class=\"iconbox_content\"><header class=\"entry-content-header\"><h3 class='iconbox_content_title '  itemprop=\"headline\" >Estem orgullosos de la nostra demostrada capacitat per a arribar a acords.<\/h3><\/header><div class='iconbox_content_container '  itemprop=\"text\" ><p>Es necessita molt de temps, energia i diners per a dur a terme un acord de compravenda. Som un soci just, minuci\u00f3s i comprom\u00e8s. Quan diem que tenim la intenci\u00f3 de tancar una compra, ho diem seriosament. I tenim l&#8217;historial que ho recolza.<\/p>\n<\/div><\/div><footer class=\"entry-footer\"><\/footer><\/article><\/div>\n<div  class='flex_column av-3vkdp-3578943ef108eaf5d1f4fa3ec278a8a8 av_one_half  avia-builder-el-13  el_after_av_one_half  el_before_av_one_half  first flex_column_div  column-top-margin'     ><article  class='iconbox iconbox_left_content av-kzzzu0h1-f289f50550e57b30fc020ce617f9b7b7  avia-builder-el-14  avia-builder-el-no-sibling '  itemscope=\"itemscope\" itemtype=\"https:\/\/schema.org\/CreativeWork\" ><div class=\"iconbox_icon heading-color\" aria-hidden='true' data-av_icon='\ue803' data-av_iconfont='entypo-fontello'><\/div><div class=\"iconbox_content\"><header class=\"entry-content-header\"><h3 class='iconbox_content_title '  itemprop=\"headline\" >Ens preocupem profundament per preservar el llegat de les empreses que adquirim.<\/h3><\/header><div class='iconbox_content_container '  itemprop=\"text\" ><p>Un negoci t\u00e9 valor i m\u00e8rit. \u00c9s quelcom m\u00e9s que xifres i partides en un balan\u00e7. Hi ha una marca a protegir, una hist\u00f2ria a la qual donar suport i un entorn que cuidar. Com a equip, sempre apreciarem el treball significatiu i l&#8217;esperit emprenedor que implica iniciar una empresa des de zero. Sentim una tremenda responsabilitat, no nom\u00e9s de recordar la hist\u00f2ria d&#8217;una empresa sin\u00f3 d&#8217;honrar-la assegurant el seu \u00e8xit en el futur.<\/p>\n<\/div><\/div><footer class=\"entry-footer\"><\/footer><\/article><\/div>\n<div  class='flex_column av-wkg0t-0663985ce29d8dafeb4d16ae14c10862 av_one_half  avia-builder-el-15  el_after_av_one_half  el_before_av_section  avia-builder-el-last  flex_column_div  column-top-margin'     ><\/div>\n<\/div><\/div><\/div><!-- close content main div --><\/div><\/div>\n<style type=\"text\/css\" data-created_by=\"avia_inline_auto\" id=\"style-css-av-l0019s4y-66bd2e3b1d38f6c26ed30d10ac0fe46e\">\n.avia-section.av-l0019s4y-66bd2e3b1d38f6c26ed30d10ac0fe46e{\nbackground-color:rgba(0,0,0,0.08);\nbackground-image:unset;\n}\n<\/style>\n<div id='av_section_2'  class='avia-section av-l0019s4y-66bd2e3b1d38f6c26ed30d10ac0fe46e main_color avia-section-default avia-no-border-styling  avia-builder-el-16  el_after_av_one_half  el_before_av_section  avia-bg-style-scroll container_wrap sidebar_right'  ><div class='container av-section-cont-open' ><div class='template-page content  av-content-small alpha units'><div class='post-entry post-entry-type-page post-entry-1104'><div class='entry-content-wrapper clearfix'>\n<div  class='flex_column av-q38yl-8db4c68dbaa97319f241e5643172875f av_one_full  avia-builder-el-17  el_before_av_three_fifth  avia-builder-el-first  first flex_column_div  '     ><style type=\"text\/css\" data-created_by=\"avia_inline_auto\" id=\"style-css-av-l000dc5j-648faea5c9b41b236f9309aba50ff91b\">\n#top .av-special-heading.av-l000dc5j-648faea5c9b41b236f9309aba50ff91b{\npadding-bottom:10px;\n}\nbody .av-special-heading.av-l000dc5j-648faea5c9b41b236f9309aba50ff91b .av-special-heading-tag .heading-char{\nfont-size:25px;\n}\n.av-special-heading.av-l000dc5j-648faea5c9b41b236f9309aba50ff91b .av-subheading{\nfont-size:15px;\n}\n<\/style>\n<div  class='av-special-heading av-l000dc5j-648faea5c9b41b236f9309aba50ff91b av-special-heading-h2 blockquote modern-quote modern-centered  avia-builder-el-18  avia-builder-el-no-sibling '><h2 class='av-special-heading-tag'  itemprop=\"headline\"  >Qu\u00e8 busquem<\/h2><div class=\"special-heading-border\"><div class=\"special-heading-inner-border\"><\/div><\/div><\/div><\/div><div  class='flex_column av-jw9yd-2dcff4442e0f0e65785f35ad7fd6aa54 av_three_fifth  avia-builder-el-19  el_after_av_one_full  el_before_av_two_fifth  first flex_column_div  column-top-margin'     ><p><section  class='av_textblock_section av-l001gfjt-7601b289b5fd9b725919a7b7a0126627 '   itemscope=\"itemscope\" itemtype=\"https:\/\/schema.org\/CreativeWork\" ><div class='avia_textblock'  itemprop=\"text\" ><p>Invertim en empreses amb seu social situada en la zona est\/nord-est de la pen\u00ednsula, preferentement a Catalunya per a donar suport proper a les nostres participades.<\/p>\n<p>El nostre enfoc \u00e9s <strong>multisectorial<\/strong>, i no limitem les bones oportunitats al sector. Tot i aix\u00f2, tenim una especial predilecci\u00f3 pels <strong>Serveis B2B<\/strong> i l&#8217;<strong>Alimentaci\u00f3<\/strong>.<\/p>\n<p>Tenim clar el tipus d&#8217;empreses amb les que volem treballar:<\/p>\n<ul>\n<li>Base de clients estable i diversificada.<\/li>\n<li>Historial de rendibilitat consistent.<\/li>\n<li>Propietaris pensant en la jubilaci\u00f3.<\/li>\n<li>Equip comprom\u00e8s amb el futur.<\/li>\n<li>Bona reputaci\u00f3, i en cas de b\u00e9ns de consum, amb marques reconegudes.<\/li>\n<\/ul>\n<\/div><\/section><br \/>\n<div  class='avia-button-wrap av-l001hwm7-b2c4e10befef89fcb672c16e1209f857-wrap avia-button-left  avia-builder-el-21  el_after_av_textblock  avia-builder-el-last '><a href='http:\/\/www.pravium.com\/wp-content\/uploads\/2022\/03\/Criterios-de-Inversion-Pravium-CAT.pdf' class='avia-button av-l001hwm7-b2c4e10befef89fcb672c16e1209f857 avia-icon_select-yes-left-icon avia-size-large avia-position-left avia-color-theme-color' target=\"_blank\" rel=\"noopener noreferrer\"><span class='avia_button_icon avia_button_icon_left' aria-hidden='true' data-av_icon='\ue823' data-av_iconfont='entypo-fontello'><\/span><span class='avia_iconbox_title' >Descarregar full de criteris d\u2019inversi\u00f3 (PDF)<\/span><\/a><\/div><\/p><\/div><div  class='flex_column av-gpe5h-3f75dd386b4e2b78d18783065d5792ca av_two_fifth  avia-builder-el-22  el_after_av_three_fifth  avia-builder-el-last  flex_column_div  column-top-margin'     ><p>\n<style type=\"text\/css\" data-created_by=\"avia_inline_auto\" id=\"style-css-av-l0013pi7-caa41f8630ab564bdfb8d00723a21c9a\">\n.avia_message_box.av-l0013pi7-caa41f8630ab564bdfb8d00723a21c9a{\nbackground-color:#444444;\ncolor:#ffffff;\n}\n<\/style>\n<div id='avia-messagebox-' class='avia_message_box av_notification av-l0013pi7-caa41f8630ab564bdfb8d00723a21c9a avia-color-custom avia-size-large avia-icon_select-yes avia-border-solid  avia-builder-el-23  el_before_av_notification  avia-builder-el-first ' ><span class='avia_message_box_title' >Vendes Anuals<\/span><div class=\"avia_message_box_content\"><span class='avia_message_box_icon' aria-hidden='true' data-av_icon='\ue827' data-av_iconfont='entypo-fontello'><\/span><p>Major de 1M \u20ac<\/p>\n<\/div><\/div><br \/>\n\n<style type=\"text\/css\" data-created_by=\"avia_inline_auto\" id=\"style-css-av-l0016n6v-5e6f5feae15f8d4678060819e9ebee39\">\n.avia_message_box.av-l0016n6v-5e6f5feae15f8d4678060819e9ebee39{\nbackground-color:#444444;\ncolor:#ffffff;\n}\n<\/style>\n<div id='avia-messagebox-' class='avia_message_box av_notification av-l0016n6v-5e6f5feae15f8d4678060819e9ebee39 avia-color-custom avia-size-large avia-icon_select-yes avia-border-solid  avia-builder-el-24  el_after_av_notification  el_before_av_notification ' ><span class='avia_message_box_title' >Benefici abans d\u2019interessos, impostos i amortitzacions<\/span><div class=\"avia_message_box_content\"><span class='avia_message_box_icon' aria-hidden='true' data-av_icon='\ue84d' data-av_iconfont='entypo-fontello'><\/span><p>Major de 250.000 \u20ac<\/p>\n<\/div><\/div><br \/>\n\n<style type=\"text\/css\" data-created_by=\"avia_inline_auto\" id=\"style-css-av-l001d947-e7ab8871684085d22842507581724198\">\n.avia_message_box.av-l001d947-e7ab8871684085d22842507581724198{\nbackground-color:#444444;\ncolor:#ffffff;\n}\n<\/style>\n<div id='avia-messagebox-' class='avia_message_box av_notification av-l001d947-e7ab8871684085d22842507581724198 avia-color-custom avia-size-large avia-icon_select-yes avia-border-solid  avia-builder-el-25  el_after_av_notification  avia-builder-el-last ' ><span class='avia_message_box_title' >Marge EBITDA (rati Benefici \/ Vendes)<\/span><div class=\"avia_message_box_content\"><span class='avia_message_box_icon' aria-hidden='true' data-av_icon='\ue8cf' data-av_iconfont='entypo-fontello'><\/span><p>Superior al 10%<\/p>\n<\/div><\/div><\/p><\/div>\n\n<\/div><\/div><\/div><!-- close content main div --><\/div><\/div>\n<style type=\"text\/css\" data-created_by=\"avia_inline_auto\" id=\"style-css-av-b5nkd-b9732cf7953ce594de4ba7f9bf39e853\">\n.avia-section.av-b5nkd-b9732cf7953ce594de4ba7f9bf39e853{\nbackground-color:#b02b2c;\nbackground-image:unset;\n}\n<\/style>\n<div id='av_section_3'  class='avia-section av-b5nkd-b9732cf7953ce594de4ba7f9bf39e853 main_color avia-section-default avia-no-border-styling  avia-builder-el-26  el_after_av_section  avia-builder-el-last  avia-bg-style-scroll container_wrap sidebar_right'  ><div class='container av-section-cont-open' ><div class='template-page content  av-content-small alpha units'><div class='post-entry post-entry-type-page post-entry-1104'><div class='entry-content-wrapper clearfix'>\n\n<style type=\"text\/css\" data-created_by=\"avia_inline_auto\" id=\"style-css-av-l001xsuo-42a81138f4585c8f65c973e9b9ba7df4\">\n.av_promobox.av-l001xsuo-42a81138f4585c8f65c973e9b9ba7df4{\ncolor:#ffffff;\nbackground:#444444;\nborder-color:#444444;\n}\n<\/style>\n<div  class='av_promobox av-l001xsuo-42a81138f4585c8f65c973e9b9ba7df4 avia-button-yes  avia-builder-el-27  avia-builder-el-no-sibling '><div class='avia-promocontent'><p>Si est\u00e0s pensant en vendre la teva empresa i el model de negoci s&#8217;alinea amb els nostres criteris &#8230;<\/p>\n<\/div><div  class='avia-button-wrap av-l001xsuo-70c8f9fc08052e77fa1db0f9fe24b17f-wrap avia-button-right '><a href='http:\/\/pravium.com\/contacto\/'  class='avia-button av-l001xsuo-70c8f9fc08052e77fa1db0f9fe24b17f avia-icon_select-no avia-size-large avia-position-right avia-color-red'  ><span class='avia_iconbox_title' >CONTACTA\u2019NS<\/span><\/a><\/div><\/div>\n<\/div><\/div><\/div><!-- close content main div --><\/div><\/div><div id='after_section_3'  class='main_color av_default_container_wrap container_wrap sidebar_right'  ><div class='container av-section-cont-open' ><div class='template-page content  av-content-small alpha units'><div class='post-entry post-entry-type-page post-entry-1104'><div class='entry-content-wrapper clearfix'>\n","protected":false},"excerpt":{"rendered":"","protected":false},"author":1,"featured_media":0,"parent":0,"menu_order":0,"comment_status":"closed","ping_status":"closed","template":"","meta":{"footnotes":""},"_links":{"self":[{"href":"http:\/\/pravium.com\/ca\/wp-json\/wp\/v2\/pages\/1104"}],"collection":[{"href":"http:\/\/pravium.com\/ca\/wp-json\/wp\/v2\/pages"}],"about":[{"href":"http:\/\/pravium.com\/ca\/wp-json\/wp\/v2\/types\/page"}],"author":[{"embeddable":true,"href":"http:\/\/pravium.com\/ca\/wp-json\/wp\/v2\/users\/1"}],"replies":[{"embeddable":true,"href":"http:\/\/pravium.com\/ca\/wp-json\/wp\/v2\/comments?post=1104"}],"version-history":[{"count":71,"href":"http:\/\/pravium.com\/ca\/wp-json\/wp\/v2\/pages\/1104\/revisions"}],"predecessor-version":[{"id":1294,"href":"http:\/\/pravium.com\/ca\/wp-json\/wp\/v2\/pages\/1104\/revisions\/1294"}],"wp:attachment":[{"href":"http:\/\/pravium.com\/ca\/wp-json\/wp\/v2\/media?parent=1104"}],"curies":[{"name":"wp","href":"https:\/\/api.w.org\/{rel}","templated":true}]}}